{"id":2,"date":"2011-03-10T18:07:20","date_gmt":"2011-03-10T18:07:20","guid":{"rendered":"http:\/\/steilspirale.de\/?page_id=2"},"modified":"2011-03-18T01:03:21","modified_gmt":"2011-03-18T01:03:21","slug":"beispiel-seite","status":"publish","type":"page","link":"https:\/\/www.steilspirale.de\/?page_id=2","title":{"rendered":"T\u00e9n\u00e9r\u00e9 660"},"content":{"rendered":"<div style=\"float: right; margin: 10px 5px\">ngg_shortcode_0_placeholder<\/div>\n<p>Nach der 14monatigen Weltreise in einem Magirus Deutz, habe ich das Gehoppel\u00a0in einem 12-Tonner erst mal satt.<\/p>\n<p> Vor gut 10 Jahre hatte ich mein letztes Motorrad &#8211; aber schnell habe ich mich ans gem\u00fctliche Cruisen mit meiner T\u00e9n\u00e9r\u00e9 XT660Z gew\u00f6hnt. Ich liebe es \u00fcber die holprigen Strassen Darmstadts zu gleiten. \ud83d\ude42<\/p>\n<p>Technische Daten zur T\u00e9n\u00e9r\u00e9 gibt&#8217;s auf der <a title=\"Yahama Webseite.\" href=\"http:\/\/www.yamaha-motor.de\/de\/products\/motorcycles\/adventure\/xt660z.aspx?view=explore\" target=\"_blank\">Yamaha-Seite<\/a>.<\/p>\n","protected":false},"excerpt":{"rendered":"<p>Nach der 14monatigen Weltreise in einem Magirus Deutz, habe ich das Gehoppel\u00a0in einem 12-Tonner erst mal satt. Vor gut 10 Jahre hatte ich mein letztes Motorrad &#8211; aber schnell habe ich mich ans gem\u00fctliche Cruisen mit meiner T\u00e9n\u00e9r\u00e9 XT660Z gew\u00f6hnt. &hellip; <a href=\"https:\/\/www.steilspirale.de\/?page_id=2\">Weiterlesen <span class=\"meta-nav\">&rarr;<\/span><\/a><\/p>\n","protected":false},"author":2,"featured_media":0,"parent":0,"menu_order":0,"comment_status":"closed","ping_status":"closed","template":"","meta":{"ngg_post_thumbnail":0,"footnotes":""},"class_list":["post-2","page","type-page","status-publish","hentry"],"_links":{"self":[{"href":"https:\/\/www.steilspirale.de\/index.php?rest_route=\/wp\/v2\/pages\/2","targetHints":{"allow":["GET"]}}],"collection":[{"href":"https:\/\/www.steilspirale.de\/index.php?rest_route=\/wp\/v2\/pages"}],"about":[{"href":"https:\/\/www.steilspirale.de\/index.php?rest_route=\/wp\/v2\/types\/page"}],"author":[{"embeddable":true,"href":"https:\/\/www.steilspirale.de\/index.php?rest_route=\/wp\/v2\/users\/2"}],"replies":[{"embeddable":true,"href":"https:\/\/www.steilspirale.de\/index.php?rest_route=%2Fwp%2Fv2%2Fcomments&post=2"}],"version-history":[{"count":9,"href":"https:\/\/www.steilspirale.de\/index.php?rest_route=\/wp\/v2\/pages\/2\/revisions"}],"predecessor-version":[{"id":48,"href":"https:\/\/www.steilspirale.de\/index.php?rest_route=\/wp\/v2\/pages\/2\/revisions\/48"}],"wp:attachment":[{"href":"https:\/\/www.steilspirale.de\/index.php?rest_route=%2Fwp%2Fv2%2Fmedia&parent=2"}],"curies":[{"name":"wp","href":"https:\/\/api.w.org\/{rel}","templated":true}]}}